{"id":13,"date":"2012-12-29T16:56:38","date_gmt":"2012-12-29T16:56:38","guid":{"rendered":"http:\/\/www.nuestroarbol.org\/blogrec\/?page_id=13"},"modified":"2024-01-21T11:32:34","modified_gmt":"2024-01-21T11:32:34","slug":"recetas-recipes-recettes","status":"publish","type":"page","link":"https:\/\/www.mabouchita.com\/blogrec\/","title":{"rendered":"About"},"content":{"rendered":"<p>Un lugar donde publicar las recetas de los abuelos y no tan abuelos!\u00a0 Este sitio est\u00e1 relacionado con el \u00e1rbol geneal\u00f3gico <a href=\"https:\/\/mabouchita.com\/tree\/familia.ged\">NuestroArbol<\/a><\/p>\n<p>Un endroit pour poster des recettes de grands-parents et jeunes! Ce site a une relation avec l&#8217;arbre g\u00e9n\u00e9alogique <a href=\"https:\/\/mabouchita.com\/tree\/familia.ged\">NotreArbre<\/a><\/p>\n<p>A place to publish our families&#8217; recipes! It has a relationship with the family tree <a href=\"https:\/\/mabouchita.com\/tree\/familia.ged\">OurTree<\/a><\/p>\n<p>&nbsp;<\/p>\n","protected":false},"excerpt":{"rendered":"<p>Un lugar donde publicar las recetas de los abuelos y no tan abuelos!\u00a0 Este sitio est\u00e1 relacionado con el \u00e1rbol geneal\u00f3gico NuestroArbol Un endroit pour poster des recettes de grands-parents et jeunes! Ce site a une relation avec l&#8217;arbre g\u00e9n\u00e9alogique &hellip; <a href=\"https:\/\/www.mabouchita.com\/blogrec\/\">Continue reading <span class=\"meta-nav\">&rarr;<\/span><\/a><\/p>\n","protected":false},"author":1,"featured_media":0,"parent":0,"menu_order":0,"comment_status":"open","ping_status":"open","template":"","meta":{"footnotes":""},"class_list":["post-13","page","type-page","status-publish","hentry"],"_links":{"self":[{"href":"https:\/\/www.mabouchita.com\/blogrec\/index.php?rest_route=\/wp\/v2\/pages\/13","targetHints":{"allow":["GET"]}}],"collection":[{"href":"https:\/\/www.mabouchita.com\/blogrec\/index.php?rest_route=\/wp\/v2\/pages"}],"about":[{"href":"https:\/\/www.mabouchita.com\/blogrec\/index.php?rest_route=\/wp\/v2\/types\/page"}],"author":[{"embeddable":true,"href":"https:\/\/www.mabouchita.com\/blogrec\/index.php?rest_route=\/wp\/v2\/users\/1"}],"replies":[{"embeddable":true,"href":"https:\/\/www.mabouchita.com\/blogrec\/index.php?rest_route=%2Fwp%2Fv2%2Fcomments&post=13"}],"version-history":[{"count":9,"href":"https:\/\/www.mabouchita.com\/blogrec\/index.php?rest_route=\/wp\/v2\/pages\/13\/revisions"}],"predecessor-version":[{"id":536,"href":"https:\/\/www.mabouchita.com\/blogrec\/index.php?rest_route=\/wp\/v2\/pages\/13\/revisions\/536"}],"wp:attachment":[{"href":"https:\/\/www.mabouchita.com\/blogrec\/index.php?rest_route=%2Fwp%2Fv2%2Fmedia&parent=13"}],"curies":[{"name":"wp","href":"https:\/\/api.w.org\/{rel}","templated":true}]}}